{"id":109,"date":"2026-02-10T22:05:07","date_gmt":"2026-02-10T22:05:07","guid":{"rendered":"http:\/\/geralcarmona.com\/?page_id=109"},"modified":"2026-02-16T16:57:21","modified_gmt":"2026-02-16T16:57:21","slug":"curriculum","status":"publish","type":"page","link":"https:\/\/geralcarmona.com\/?page_id=109","title":{"rendered":"CURRICULUM"},"content":{"rendered":"<div data-colibri-id=\"109-c1\" class=\"style-414 style-local-109-c1 position-relative\">\n  <!---->\n  <div data-colibri-component=\"section\" data-colibri-id=\"109-c2\" id=\"custom\" class=\"h-section h-section-global-spacing d-flex align-items-lg-center align-items-md-center align-items-center style-415 style-local-109-c2 position-relative\">\n    <!---->\n    <!---->\n    <div class=\"h-section-grid-container h-section-boxed-container\">\n      <!---->\n      <div data-colibri-id=\"109-c3\" class=\"h-row-container gutters-row-lg-2 gutters-row-md-2 gutters-row-0 gutters-row-v-lg-2 gutters-row-v-md-2 gutters-row-v-2 style-416 style-local-109-c3 position-relative\">\n        <!---->\n        <div class=\"h-row justify-content-lg-center justify-content-md-center justify-content-center align-items-lg-stretch align-items-md-stretch align-items-stretch gutters-col-lg-2 gutters-col-md-2 gutters-col-0 gutters-col-v-lg-2 gutters-col-v-md-2 gutters-col-v-2\">\n          <!---->\n          <div class=\"h-column h-column-container d-flex h-col-lg-auto h-col-md-auto h-col-auto style-417-outer style-local-109-c4-outer\">\n            <div data-colibri-id=\"109-c4\" class=\"d-flex h-flex-basis h-column__inner h-px-lg-2 h-px-md-2 h-px-2 v-inner-lg-2 v-inner-md-2 v-inner-2 style-417 style-local-109-c4 position-relative\">\n              <!---->\n              <!---->\n              <div class=\"w-100 h-y-container h-column__content h-column__v-align flex-basis-100 align-self-lg-start align-self-md-start align-self-start\">\n                <!---->\n                <div data-colibri-id=\"109-c5\" class=\"h-text h-text-component style-419 style-local-109-c5 position-relative h-element\">\n                  <!---->\n                  <!---->\n                  <div class=\"\">\n                    <p>Mi formaci\u00f3n empez\u00f3 en Medell\u00edn en la UdeA, pas\u00f3 por Bogot\u00e1 en la ASAB, aterriz\u00f3 en Barcelona (donde descubr\u00ed el Method Acting en la ECIB), se instal\u00f3 en Sevilla durante cuatro a\u00f1os en la ESAD, hizo escala en Roma (un a\u00f1o de Erasmus\n                      en la Accademia Nazionale d&#8217;Arte Drammatica Silvio D&#8217;Amico), y sigue. Contin\u00fao form\u00e1ndome en diferentes \u00e1reas del teatro y el cine: Laboratorio de Interpretaci\u00f3n con Sebasti\u00e1n Haro, Cinehaus, La Destiler\u00eda, RTVE. Me gusta la variedad,\n                      los est\u00edmulos diversos, cambiar.&nbsp;<\/p>\n                    <p>Tambi\u00e9n estudi\u00e9 doblaje, podcasting, gui\u00f3n cinematogr\u00e1fico. Me interesa todo lo que tenga que ver con contar historias, desde cualquier \u00e1ngulo.&nbsp;<\/p>\n                  <\/div>\n                <\/div>\n              <\/div>\n            <\/div>\n          <\/div>\n          <div class=\"h-column h-column-container d-flex h-col-lg-auto h-col-md-auto h-col-auto style-418-outer style-local-109-c6-outer\">\n            <div data-colibri-id=\"109-c6\" class=\"d-flex h-flex-basis h-column__inner h-px-lg-2 h-px-md-2 h-px-2 v-inner-lg-2 v-inner-md-2 v-inner-2 style-418 style-local-109-c6 position-relative\">\n              <!---->\n              <!---->\n              <div class=\"w-100 h-y-container h-column__content h-column__v-align flex-basis-100 align-self-lg-start align-self-md-start align-self-start\">\n                <!---->\n                <div data-colibri-id=\"109-c7\" class=\"h-text h-text-component style-420 style-local-109-c7 position-relative h-element\">\n                  <!---->\n                  <!---->\n                  <div class=\"\">\n                    <p>He trabajado en los Latin Grammy, en spots publicitarios (Alsa, PortaSur, Diputaci\u00f3n de Sevilla para FITUR 2026), en el documental <em>La Mili<\/em> (Happy Ending TV), en el videoclip de Califato \u00be <em>Libertad<\/em>.\n                      <br>\n                      <br>Actualmente estoy de gira con <em>Al Fin Topacio<\/em> por la provincia de Sevilla con el Teatro del Relente. He hecho teatro, cine, publicidad, doblaje.<\/p>\n                  <\/div>\n                <\/div>\n              <\/div>\n            <\/div>\n          <\/div>\n        <\/div>\n      <\/div>\n    <\/div>\n  <\/div>\n  <div data-colibri-component=\"section\" data-colibri-id=\"109-c8\" id=\"custom-2\" class=\"h-section h-section-global-spacing d-flex align-items-lg-center align-items-md-center align-items-center style-421 style-local-109-c8 position-relative\">\n    <!---->\n    <!---->\n    <div class=\"h-section-grid-container h-section-boxed-container\">\n      <!---->\n      <div data-colibri-id=\"109-c9\" class=\"h-row-container gutters-row-lg-2 gutters-row-md-2 gutters-row-0 gutters-row-v-lg-2 gutters-row-v-md-2 gutters-row-v-2 style-422 style-local-109-c9 position-relative\">\n        <!---->\n        <div class=\"h-row justify-content-lg-center justify-content-md-center justify-content-center align-items-lg-stretch align-items-md-stretch align-items-stretch gutters-col-lg-2 gutters-col-md-2 gutters-col-0 gutters-col-v-lg-2 gutters-col-v-md-2 gutters-col-v-2\">\n          <!---->\n          <div class=\"h-column h-column-container d-flex h-col-lg-auto h-col-md-auto h-col-auto style-423-outer style-local-109-c10-outer\">\n            <div data-colibri-id=\"109-c10\" class=\"d-flex h-flex-basis h-column__inner h-px-lg-2 h-px-md-2 h-px-2 v-inner-lg-2 v-inner-md-2 v-inner-2 style-423 style-local-109-c10 position-relative\">\n              <!---->\n              <!---->\n              <div class=\"w-100 h-y-container h-column__content h-column__v-align flex-basis-100 align-self-lg-start align-self-md-start align-self-start\">\n                <!---->\n                <div data-colibri-id=\"109-c11\" class=\"h-x-container style-424 style-local-109-c11 position-relative h-element\">\n                  <!---->\n                  <div class=\"h-x-container-inner style-dynamic-109-c11-group style-424-spacing style-local-109-c11-spacing\"><span class=\"h-button__outer style-425-outer style-local-109-c12-outer d-inline-flex h-element\"><a h-use-smooth-scroll=\"true\" href=\"file:\/\/\/C:\/Users\/drmar\/OneDrive\/Documentos\/Geral%20Docs\/CV'S\/_Geraldine%20Carmona%20-%20Actriz%20CV.pdf\" target=\"_blank\"  data-colibri-id=\"109-c12\" class=\"d-flex w-100 align-items-center h-button justify-content-lg-center justify-content-md-center justify-content-center style-425 style-local-109-c12 position-relative\"><!----><!----> <span>DESCARGAR CV<\/span><\/a>\n                    <\/span>\n                  <\/div>\n                <\/div>\n              <\/div>\n            <\/div>\n          <\/div>\n        <\/div>\n      <\/div>\n    <\/div>\n  <\/div>\n  <div data-colibri-component=\"section\" data-colibri-id=\"109-c13\" id=\"custom-3\" class=\"h-section h-section-global-spacing d-flex align-items-lg-center align-items-md-center align-items-center style-427 style-local-109-c13 position-relative\">\n    <!---->\n    <!---->\n    <div class=\"h-section-grid-container h-section-boxed-container\">\n      <!---->\n      <div data-colibri-id=\"109-c14\" class=\"h-row-container gutters-row-lg-2 gutters-row-md-2 gutters-row-0 gutters-row-v-lg-2 gutters-row-v-md-2 gutters-row-v-2 style-428 style-local-109-c14 position-relative\">\n        <!---->\n        <div class=\"h-row justify-content-lg-center justify-content-md-center justify-content-center align-items-lg-stretch align-items-md-stretch align-items-stretch gutters-col-lg-2 gutters-col-md-2 gutters-col-0 gutters-col-v-lg-2 gutters-col-v-md-2 gutters-col-v-2\">\n          <!---->\n          <div class=\"h-column h-column-container d-flex h-col-lg-auto h-col-md-auto h-col-auto style-429-outer style-local-109-c15-outer\">\n            <div data-colibri-id=\"109-c15\" class=\"d-flex h-flex-basis h-column__inner h-px-lg-2 h-px-md-2 h-px-2 v-inner-lg-2 v-inner-md-2 v-inner-2 style-429 style-local-109-c15 position-relative\">\n              <!---->\n              <!---->\n              <div class=\"w-100 h-y-container h-column__content h-column__v-align flex-basis-100 align-self-lg-start align-self-md-start align-self-start\">\n                <!---->\n                <div data-colibri-id=\"109-c16\" class=\"h-text h-text-component style-431 style-local-109-c16 position-relative h-element\">\n                  <!---->\n                  <!---->\n                  <div class=\"\">\n                    <p>FORMACI\u00d3N<\/p>\n                    <p>Artes Esc\u00e9nicas&nbsp;<span style=\"font-weight: 400; font-size: 16px; font-family: &quot;Didact Gothic&quot;; color: rgb(113, 113, 117);\">\u2022&nbsp;<\/span> Academia Superior de Artes de Bogot\u00e1. \u2022 2017 \u2022 2 a\u00f1os<\/p>\n                    <p>Modern Acting Method&nbsp;<span style=\"font-weight: 400; font-size: 16px; font-family: &quot;Didact Gothic&quot;; color: rgb(113, 113, 117);\">\u2022&nbsp;<\/span> ECIB Escola de cine de Barcelona \u2022 2018 \u2022 240 horas<\/p>\n                    <p>Arte dram\u00e1tico&nbsp;<span style=\"font-weight: 400; font-size: 16px; font-family: &quot;Didact Gothic&quot;; color: rgb(113, 113, 117);\">\u2022&nbsp;<\/span> Accademia Nazionale D&#8217;Arte drammatica Silvio D&#8217;Amico (Erasmus) \u2022 2022 \u2022 1 a\u00f1o<\/p>\n                    <p>Arte dram\u00e1tico&nbsp;<span style=\"font-weight: 400; font-size: 16px; font-family: &quot;Didact Gothic&quot;; color: rgb(113, 113, 117);\">\u2022&nbsp;<\/span> ESAD Sevilla. \u2022 2023 <span style=\"color: rgb(113, 113, 117); font-family: &quot;Didact Gothic&quot;; font-size: 16px; font-weight: 400;\">\u2022&nbsp;<\/span>                      4 a\u00f1os<\/p>\n                    <p>Interpretaci\u00f3n ante la c\u00e1mara&nbsp;<span style=\"color: rgb(113, 113, 117); font-family: &quot;Didact Gothic&quot;; font-size: 16px; font-weight: 400;\">\u2022&nbsp;<\/span> Laboratorio de Interpretaci\u00f3n Sebasti\u00e1n Haro \u2022 2024 \u2022 1 a\u00f1o<\/p>\n                    <p>Doblaje <span style=\"color: rgb(113, 113, 117); font-family: &quot;Didact Gothic&quot;; font-size: 16px; font-weight: 400;\">\u2022&nbsp;&nbsp;<\/span>Renovatio Escuela de Doblaje \u2022 2024 \u2022 1 a\u00f1o<\/p>\n                    <p>Cine <span style=\"color: rgb(113, 113, 117); font-family: &quot;Didact Gothic&quot;; font-size: 16px; font-weight: 400;\">\u2022&nbsp;<\/span>Cinehaus \u2022 2025 \u2022 1 a\u00f1o<\/p>\n                    <p>Danza \u00abWWWITH: Una pr\u00e1ctica de movimiento\u00bb \u2022 Guillermo Weicker<\/p>\n                    <p>Acting in English \u2022 Luis Ca\u00f1ete<\/p>\n                    <p>Casting \u2022 Josu Bilbao<\/p>\n                    <p>M\u00e9todo y teatro de creaci\u00f3n para actores \u2022 Brian Rhinehart, C\u00e9sar Oliva Bernal<\/p>\n                    <p>21-Day Selftape Challenge \u2022 Manuel Puro&nbsp;<\/p>\n                    <p>Interpretar con \u201cLa Cualidad\u201d \u2022 Andr\u00e9s Lima<\/p>\n                    <p>Eneagrama para la creaci\u00f3n de personajes&nbsp;<span style=\"font-weight: 400; font-size: 16px; font-family: &quot;Didact Gothic&quot;; color: rgb(113, 113, 117);\">\u2022 ESCAC<\/span><\/p>\n                    <p>Taller de Entrenamiento Actoral&nbsp;<span style=\"color: rgb(113, 113, 117); font-family: &quot;Didact Gothic&quot;; font-size: 16px; font-weight: 400;\">\u2022 La Destiler\u00eda&nbsp;\u2022 Actualmente<\/span><\/p>\n                    <p>\n                      <br>\n                    <\/p>\n                  <\/div>\n                <\/div>\n              <\/div>\n            <\/div>\n          <\/div>\n          <div class=\"h-column h-column-container d-flex h-col-lg-auto h-col-md-auto h-col-auto style-430-outer style-local-109-c17-outer\">\n            <div data-colibri-id=\"109-c17\" class=\"d-flex h-flex-basis h-column__inner h-px-lg-2 h-px-md-2 h-px-2 v-inner-lg-2 v-inner-md-2 v-inner-2 style-430 style-local-109-c17 position-relative\">\n              <!---->\n              <!---->\n              <div class=\"w-100 h-y-container h-column__content h-column__v-align flex-basis-100 align-self-lg-start align-self-md-start align-self-start\">\n                <!---->\n                <div data-colibri-id=\"109-c18\" class=\"h-text h-text-component style-432 style-local-109-c18 position-relative h-element\">\n                  <!---->\n                  <!---->\n                  <div class=\"\">\n                    <p>EXPERIENCIA PROFESIONAL<\/p>\n                    <p>AUDIOVISUAL<\/p>\n                    <p>Docuserie \u00abLa Mili\u00bb&nbsp;<span style=\"font-weight: 400; font-size: 16px; font-family: &quot;Didact Gothic&quot;; color: rgb(113, 113, 117);\">\u2022&nbsp;<\/span>Happy Ending TV<\/p>\n                    <p>Libertad <span style=\"font-weight: 400; font-size: 16px; font-family: &quot;Didact Gothic&quot;; color: rgb(113, 113, 117);\">\u2022<\/span> Videoclip Califato 3\/4<\/p>\n                    <p>Grammys Latino 2023 (Espa\u00f1a) <\/p>\n                    <p>El Empresario &#8211; 2024 Direcci\u00f3n: Jorge Naranjo<\/p>\n                    <p>\n                      <br>\n                    <\/p>\n                    <p>PUBLICIDAD<\/p>\n                    <p>Spot Diputaci\u00f3n de Sevilla FITUR 2026<\/p>\n                    <p>Spot Porta Sur&nbsp;<\/p>\n                    <p>Spot Alsa- SeviRama (Espa\u00f1a)<\/p>\n                    <p>\n                      <br>\n                    <\/p>\n                    <p>TEATRO<\/p>\n                    <p>Al Fin Topacio <span style=\"font-weight: 400; font-size: 16px; font-family: &quot;Didact Gothic&quot;; color: rgb(113, 113, 117);\">\u2022&nbsp;<\/span>Teatro del Relente&nbsp;<span style=\"color: rgb(113, 113, 117); font-family: &quot;Didact Gothic&quot;; font-size: 16px; font-weight: 400;\">(Espa\u00f1a) \u2022 Nominaci\u00f3n Escena Joven Premios Zentradas de las Artes Esc\u00e9nicas<\/span>\n                      <br>\n                    <\/p>\n                    <p>Demal Tabax Mir&nbsp;<span style=\"font-weight: 400; font-size: 16px; font-family: &quot;Didact Gothic&quot;; color: rgb(113, 113, 117);\">\u2022 Talk2me&nbsp;\u2022 ESAD SEVILLA<\/span><\/p>\n                    <p>Tejas Verdes <span style=\"font-weight: 400; font-size: 16px; font-family: &quot;Didact Gothic&quot;; color: rgb(113, 113, 117);\">\u2022<\/span> Ferm\u00edn Cabal (Espa\u00f1a) <span style=\"font-weight: 400; font-size: 16px; font-family: &quot;Didact Gothic&quot;; color: rgb(113, 113, 117);\">\u2022<\/span>                      Juan Manuel Neira<\/p>\n                    <p>Valor, Agravio y Mujer <span style=\"font-weight: 400; font-size: 16px; font-family: &quot;Didact Gothic&quot;; color: rgb(113, 113, 117);\">\u2022<\/span> Ana de Caro Mall\u00e9n (Espa\u00f1a) <span style=\"font-weight: 400; font-size: 16px; font-family: &quot;Didact Gothic&quot;; color: rgb(113, 113, 117);\">\u2022<\/span>                      Eva Rodr\u00edguez<\/p>\n                    <p>Chi sei? (Italia) <span style=\"font-weight: 400; font-size: 16px; font-family: &quot;Didact Gothic&quot;; color: rgb(113, 113, 117);\">\u2022&nbsp;<\/span>Massimiliano Civica <span style=\"font-weight: 400; font-size: 16px; font-family: &quot;Didact Gothic&quot;; color: rgb(113, 113, 117);\">\u2022&nbsp;<\/span>Festival\n                      dei Due Mondi 65&#8242;<\/p>\n                    <p>CorbeAux (Espa\u00f1a) <span style=\"font-weight: 400; font-size: 16px; font-family: &quot;Didact Gothic&quot;; color: rgb(113, 113, 117);\">\u2022<\/span> Bouchra Ouizguen <span style=\"font-weight: 400; font-size: 16px; font-family: &quot;Didact Gothic&quot;; color: rgb(113, 113, 117);\">\u2022&nbsp;<\/span>Prototipoak\n                      Bienal Internacional de Nuevas Formas Art\u00edsticas<\/p>\n                  <\/div>\n                <\/div>\n              <\/div>\n            <\/div>\n          <\/div>\n        <\/div>\n      <\/div>\n    <\/div>\n  <\/div>\n<\/div>","protected":false},"excerpt":{"rendered":"<p>Mi formaci\u00f3n empez\u00f3 en Medell\u00edn en la UdeA, pas\u00f3 por Bogot\u00e1 en la [&hellip;]<\/p>\n","protected":false},"author":1,"featured_media":0,"parent":0,"menu_order":0,"comment_status":"closed","ping_status":"closed","template":"page-templates\/full-width-page.php","meta":{"footnotes":""},"class_list":["post-109","page","type-page","status-publish","hentry"],"_links":{"self":[{"href":"https:\/\/geralcarmona.com\/index.php?rest_route=\/wp\/v2\/pages\/109","targetHints":{"allow":["GET"]}}],"collection":[{"href":"https:\/\/geralcarmona.com\/index.php?rest_route=\/wp\/v2\/pages"}],"about":[{"href":"https:\/\/geralcarmona.com\/index.php?rest_route=\/wp\/v2\/types\/page"}],"author":[{"embeddable":true,"href":"https:\/\/geralcarmona.com\/index.php?rest_route=\/wp\/v2\/users\/1"}],"replies":[{"embeddable":true,"href":"https:\/\/geralcarmona.com\/index.php?rest_route=%2Fwp%2Fv2%2Fcomments&post=109"}],"version-history":[{"count":5,"href":"https:\/\/geralcarmona.com\/index.php?rest_route=\/wp\/v2\/pages\/109\/revisions"}],"predecessor-version":[{"id":364,"href":"https:\/\/geralcarmona.com\/index.php?rest_route=\/wp\/v2\/pages\/109\/revisions\/364"}],"wp:attachment":[{"href":"https:\/\/geralcarmona.com\/index.php?rest_route=%2Fwp%2Fv2%2Fmedia&parent=109"}],"curies":[{"name":"wp","href":"https:\/\/api.w.org\/{rel}","templated":true}]}}