{"id":170,"date":"2026-02-10T23:12:48","date_gmt":"2026-02-10T23:12:48","guid":{"rendered":"http:\/\/geralcarmona.com\/?page_id=170"},"modified":"2026-03-12T10:19:05","modified_gmt":"2026-03-12T10:19:05","slug":"conoceme","status":"publish","type":"page","link":"https:\/\/geralcarmona.com\/?page_id=170","title":{"rendered":"CON\u00d3CEME"},"content":{"rendered":"<div data-colibri-id=\"170-c1\" class=\"style-358 style-local-170-c1 position-relative\">\r\n  <!---->\r\n  <div data-colibri-component=\"section\" data-colibri-id=\"170-c2\" id=\"custom-2\" class=\"h-section h-section-global-spacing d-flex align-items-lg-center align-items-md-center align-items-center style-397 style-local-170-c2 position-relative\">\r\n    <!---->\r\n    <!---->\r\n    <div class=\"h-section-grid-container h-section-boxed-container\">\r\n      <!---->\r\n      <div data-colibri-id=\"170-c3\" class=\"h-row-container gutters-row-lg-2 gutters-row-md-2 gutters-row-0 gutters-row-v-lg-2 gutters-row-v-md-2 gutters-row-v-2 style-433 style-local-170-c3 position-relative\">\r\n        <!---->\r\n        <div class=\"h-row justify-content-lg-center justify-content-md-center justify-content-center align-items-lg-stretch align-items-md-stretch align-items-stretch gutters-col-lg-2 gutters-col-md-2 gutters-col-0 gutters-col-v-lg-2 gutters-col-v-md-2 gutters-col-v-2\">\r\n          <!---->\r\n          <div class=\"h-column h-column-container d-flex h-col-lg-auto h-col-md-auto h-col-auto style-434-outer style-local-170-c4-outer\">\r\n            <div data-colibri-id=\"170-c4\" class=\"d-flex h-flex-basis h-column__inner h-px-lg-2 h-px-md-2 h-px-2 v-inner-lg-2 v-inner-md-2 v-inner-2 style-434 style-local-170-c4 position-relative\">\r\n              <!---->\r\n              <!---->\r\n              <div class=\"w-100 h-y-container h-column__content h-column__v-align flex-basis-100 align-self-lg-start align-self-md-start align-self-start\">\r\n                <!---->\r\n                <div data-colibri-id=\"170-c5\" class=\"h-global-transition-all h-heading style-401 style-local-170-c5 position-relative h-element\">\r\n                  <!---->\r\n                  <div class=\"h-heading__outer style-401 style-local-170-c5\">\r\n                    <!---->\r\n                    <!---->\r\n                    <h1 class=\"\">Mi historia<\/h1>\r\n                  <\/div>\r\n                <\/div>\r\n              <\/div>\r\n            <\/div>\r\n          <\/div>\r\n        <\/div>\r\n      <\/div>\r\n      <div data-colibri-id=\"170-c6\" class=\"h-row-container gutters-row-lg-2 gutters-row-md-2 gutters-row-0 gutters-row-v-lg-2 gutters-row-v-md-2 gutters-row-v-2 style-398 style-local-170-c6 position-relative\">\r\n        <!---->\r\n        <div class=\"h-row justify-content-lg-center justify-content-md-center justify-content-center align-items-lg-stretch align-items-md-stretch align-items-stretch gutters-col-lg-2 gutters-col-md-2 gutters-col-0 gutters-col-v-lg-2 gutters-col-v-md-2 gutters-col-v-2\">\r\n          <!---->\r\n          <div class=\"h-column h-column-container d-flex h-col-lg-auto h-col-md-auto h-col-auto style-405-outer style-local-170-c7-outer\">\r\n            <div data-colibri-id=\"170-c7\" class=\"d-flex h-flex-basis h-column__inner h-px-lg-2 h-px-md-2 h-px-2 v-inner-lg-2 v-inner-md-2 v-inner-2 style-405 style-local-170-c7 position-relative\">\r\n              <!---->\r\n              <!---->\r\n              <div class=\"w-100 h-y-container h-column__content h-column__v-align flex-basis-100 align-self-lg-start align-self-md-start align-self-start\">\r\n                <!---->\r\n                <div data-colibri-id=\"170-c8\" class=\"h-text h-text-component style-406 style-local-170-c8 position-relative h-element\">\r\n                  <!---->\r\n                  <!---->\r\n                  <div class=\"\">\r\n                    <p>Hola, soy Geral. Nac\u00ed en Medell\u00edn, la ciudad de la eterna primavera, y llevo nueve a\u00f1os viviendo en Espa\u00f1a. Me encuentro en ese limbo en el que no soy del todo de aqu\u00ed ni del todo de all\u00e1. Soy una mezcla rara de acentos y costumbres.\r\n                      Mi identidad se ha construido entre dos mundos que a veces se dan la mano y otras veces est\u00e1n muy distanciados.<\/p>\r\n                    <p>Durante mucho tiempo intent\u00e9 tapar mi esencia, de d\u00f3nde ven\u00eda, como si fuera algo que no encajaba. Ahora me encuentro en el camino contrario: volviendo a mis ra\u00edces, a m\u00ed, a lo que soy cuando no intento ser de ning\u00fan sitio.<\/p>\r\n                    <p>Durante mi infancia sab\u00eda que quer\u00eda ser actriz, pero por a\u00f1os me negu\u00e9 a decirlo. Me parec\u00eda un sue\u00f1o reservado para gente especial, con privilegios que yo no ten\u00eda. Fue cuando conoc\u00ed a mi mejor amiga, quien me dio permiso sin saberlo:\r\n                      ella me comparti\u00f3 sus sue\u00f1os con tanta naturalidad, creyendo que pod\u00edan ser posibles, que abri\u00f3 mi mundo a esa posibilidad. Pero quien realmente me empuj\u00f3 fue mi madre. Cuando le dije que estudiar\u00eda negocios internacionales (porque\r\n                      parec\u00eda lo sensato), me mir\u00f3 y me dijo: \u00abT\u00fa tienes que dedicarte a lo que te hace feliz\u00bb. As\u00ed comenz\u00f3 este camino en el que ya llevo 12 a\u00f1os form\u00e1ndome, entrenando y trabajando.&nbsp;Ella y mi hermana siempre han cre\u00eddo en m\u00ed, incluso\r\n                      cuando yo no lo hac\u00eda.&nbsp;<span style=\"font-weight: 400; font-size: 16px; font-family: &quot;Didact Gothic&quot;; color: rgb(113, 113, 117);\">Aqu\u00ed estoy, gracias a ellas.<\/span><\/p>\r\n                    <p>Me gusta vivir con intensidad lo que me apasiona. Me encanta el drama, la catarsis, las historias que rompen, que te llevan a esos sitios del alma que ni sabes que existen. Pero tambi\u00e9n soy muy divertida. Amo bailar con toda mi alma.\r\n                      Necesito cambio, curiosidad, que las cosas pasen.<\/p>\r\n                    <p>\r\n                      <br>\r\n                    <\/p>\r\n                  <\/div>\r\n                <\/div>\r\n              <\/div>\r\n            <\/div>\r\n          <\/div>\r\n          <div class=\"h-column h-column-container d-flex h-col-lg-auto h-col-md-auto h-col-auto style-400-outer style-local-170-c9-outer\">\r\n            <div data-colibri-id=\"170-c9\" class=\"d-flex h-flex-basis h-column__inner h-px-lg-2 h-px-md-2 h-px-2 v-inner-lg-2 v-inner-md-2 v-inner-2 style-400 style-local-170-c9 position-relative\">\r\n              <!---->\r\n              <!---->\r\n              <div class=\"w-100 h-y-container h-column__content h-column__v-align flex-basis-100 align-self-lg-start align-self-md-start align-self-start\">\r\n                <!---->\r\n                <div data-colibri-id=\"170-c10\" class=\"d-block style-404 style-local-170-c10 position-relative h-element\">\r\n                  <!---->\r\n                  <div class=\"h-image__frame-container-outer\">\r\n                    <div class=\"h-image__frame-container\">\r\n                      <!---->\r\n                      <!---->\r\n                      <img loading=\"lazy\" decoding=\"async\" width=\"941\" height=\"1489\" src=\"http:\/\/www.geralcarmona.com\/blog\/wp-content\/uploads\/2026\/02\/escanear0009.jpg\" class=\"wp-image-217 style-404-image style-local-170-c10-image\" alt=\"\" srcset=\"https:\/\/geralcarmona.com\/wp-content\/uploads\/2026\/02\/escanear0009.jpg 941w, https:\/\/geralcarmona.com\/wp-content\/uploads\/2026\/02\/escanear0009-190x300.jpg 190w, https:\/\/geralcarmona.com\/wp-content\/uploads\/2026\/02\/escanear0009-647x1024.jpg 647w, https:\/\/geralcarmona.com\/wp-content\/uploads\/2026\/02\/escanear0009-768x1215.jpg 768w\" sizes=\"auto, (max-width: 941px) 100vw, 941px\" \/>\r\n                      <div class=\"h-image__frame h-hide-lg h-hide-md h-hide-sm style-404-frameImage style-local-170-c10-frameImage\"><\/div>\r\n                    <\/div>\r\n                  <\/div>\r\n                <\/div>\r\n              <\/div>\r\n            <\/div>\r\n          <\/div>\r\n        <\/div>\r\n      <\/div>\r\n    <\/div>\r\n  <\/div>\r\n<\/div>","protected":false},"excerpt":{"rendered":"<p>Mi historia Hola, soy Geral. Nac\u00ed en Medell\u00edn, la ciudad de la eterna [&hellip;]<\/p>\n","protected":false},"author":1,"featured_media":0,"parent":0,"menu_order":0,"comment_status":"closed","ping_status":"closed","template":"page-templates\/full-width-page.php","meta":{"footnotes":""},"class_list":["post-170","page","type-page","status-publish","hentry"],"_links":{"self":[{"href":"https:\/\/geralcarmona.com\/index.php?rest_route=\/wp\/v2\/pages\/170","targetHints":{"allow":["GET"]}}],"collection":[{"href":"https:\/\/geralcarmona.com\/index.php?rest_route=\/wp\/v2\/pages"}],"about":[{"href":"https:\/\/geralcarmona.com\/index.php?rest_route=\/wp\/v2\/types\/page"}],"author":[{"embeddable":true,"href":"https:\/\/geralcarmona.com\/index.php?rest_route=\/wp\/v2\/users\/1"}],"replies":[{"embeddable":true,"href":"https:\/\/geralcarmona.com\/index.php?rest_route=%2Fwp%2Fv2%2Fcomments&post=170"}],"version-history":[{"count":4,"href":"https:\/\/geralcarmona.com\/index.php?rest_route=\/wp\/v2\/pages\/170\/revisions"}],"predecessor-version":[{"id":314,"href":"https:\/\/geralcarmona.com\/index.php?rest_route=\/wp\/v2\/pages\/170\/revisions\/314"}],"wp:attachment":[{"href":"https:\/\/geralcarmona.com\/index.php?rest_route=%2Fwp%2Fv2%2Fmedia&parent=170"}],"curies":[{"name":"wp","href":"https:\/\/api.w.org\/{rel}","templated":true}]}}